{"id":3549,"date":"2015-04-08T15:40:23","date_gmt":"2015-04-08T15:40:23","guid":{"rendered":"http:\/\/impreza.us-themes.net\/?page_id=3549"},"modified":"2021-01-21T13:24:41","modified_gmt":"2021-01-21T13:24:41","slug":"autonviritys","status":"publish","type":"page","link":"https:\/\/terhonpaja.fi\/?page_id=3549","title":{"rendered":"Auton viritys"},"content":{"rendered":"<section class=\"l-section wpb_row height_huge with_img parallax_fixed\"><div class=\"l-section-img\" role=\"img\" aria-label=\"Kuva\" data-img-width=\"1100\" data-img-height=\"500\" style=\"background-image: url(https:\/\/terhonpaja.fi\/wp-content\/uploads\/2020\/10\/Untitled-design-2020-10-01T113846.089.png);\"><\/div><div class=\"l-section-h i-cf\"><div class=\"g-cols vc_row via_flex valign_top type_default stacking_default\"><div class=\"vc_col-sm-12 wpb_column vc_column_container\"><div class=\"vc_column-inner\"><div class=\"wpb_wrapper\"><div class=\"wpb_text_column\"><div class=\"wpb_wrapper\"><h1 style=\"text-align: center;\"><span style=\"color: #ffffff;\">Auton viritys<\/span><\/h1>\n<\/div><\/div><div class=\"w-separator size_medium\"><\/div><\/div><\/div><\/div><\/div><\/div><\/section><section class=\"l-section wpb_row us_custom_8cd4af33 height_medium full_height valign_center color_alternate\"><div class=\"l-section-h i-cf\"><div class=\"g-cols vc_row via_flex valign_top type_default stacking_default\"><div class=\"vc_col-sm-12 wpb_column vc_column_container\"><div class=\"vc_column-inner\"><div class=\"wpb_wrapper\"><div class=\"wpb_text_column us_custom_6df4bc3a has_text_color\"><div class=\"wpb_wrapper\"><h2 style=\"text-align: center;\"><span style=\"color: #ffffff;\">Viritysohjelmat<\/span><\/h2>\n<\/div><\/div><div class=\"wpb_text_column us_custom_6df4bc3a has_text_color\"><div class=\"wpb_wrapper\"><h3 style=\"text-align: center;\"><strong><span style=\"color: #ff0000;\">APR<\/span><\/strong><\/h3>\n<\/div><\/div><div class=\"w-separator size_large\"><\/div><div class=\"g-cols wpb_row us_custom_6df4bc3a has_text_color via_flex valign_top type_default stacking_default\"><div class=\"vc_col-sm-12 wpb_column vc_column_container\"><div class=\"vc_column-inner\"><div class=\"wpb_wrapper\"><div class=\"wpb_text_column\"><div class=\"wpb_wrapper\"><div class=\"wpb_text_column wpb_content_element \">\n<div class=\"wpb_wrapper\">\n<div class=\"wpb_text_column wpb_content_element \">\n<div class=\"wpb_wrapper\">\n<h6 style=\"text-align: center;\">Parasta laatua autosi virityksen!<\/h6>\n<\/div>\n<\/div>\n<div class=\"wpb_text_column wpb_content_element \">\n<div class=\"wpb_wrapper\">\n<p style=\"text-align: center;\">APR on yksi maailman suurimmista VAG-konsernin autoihin keskittyneist\u00e4 viritystuotteiden- ja ohjelmien valmistaja. Voimakas panostus tuotekehitykseen takaa sen ett\u00e4 APR pysyy kehityksen k\u00e4rjess\u00e4 nyt ja tulevaisuudessa. Avaa APR-viritysohjelmahaku ja l\u00f6yd\u00e4 autossasi piilev\u00e4t voimat!<\/p>\n<\/div>\n<\/div>\n<\/div>\n<\/div>\n<\/div><\/div><\/div><\/div><\/div><\/div><div class=\"w-separator size_large\"><\/div><div class=\"w-tabs style_default switch_click accordion has_scrolling\" style=\"--sections-title-size:inherit\"><div class=\"w-tabs-sections titles-align_none icon_chevron cpos_right\"><div class=\"w-tabs-section has_text_color\" id=\"b4d3\"><button class=\"w-tabs-section-header\" aria-controls=\"content-b4d3\" aria-expanded=\"false\"><div class=\"w-tabs-section-title\">VIRITYSOHJELMAT MOOTTOREILLE<\/div><div class=\"w-tabs-section-control\"><\/div><\/button><div  class=\"w-tabs-section-content us_custom_6df4bc3a\" id=\"content-b4d3\"><div class=\"w-tabs-section-content-h i-cf\"><div class=\"wpb_text_column us_custom_6df4bc3a has_text_color\"><div class=\"wpb_wrapper\"><p>APR tarjoaa huippulaadukkaat viritysohjelmat bensiini, flexifuel ja my\u00f6s diesel-moottoreille. Ohjelmat kehitet\u00e4\u00e4n APR:n p\u00e4\u00e4majassa Alabaman Opelikassa, oman henkil\u00f6st\u00f6n voimin k\u00e4ytt\u00e4en huippunykyaikaisia itse kehitettyj\u00e4 ohjelmistoty\u00f6kaluja. N\u00e4in saadaan varmistettua yht\u00e4\u00e4lt\u00e4 maksimaalinen suorituskyky, toisaalta ohjelmistotuotteiden toimivuus kaikissa eri olosuhteissa, kaikilla eri kuormitusasteilla.<\/p>\n<ul>\n<li>Maksimaalinen teho, moottorin k\u00e4ytett\u00e4vyden huonontumatta<\/li>\n<li>Moottorinohjainyksik\u00f6n sis\u00e4iset suojatoiminnot on s\u00e4ilytetty toiminnassa, jolloin vikatilanteessa moottorinohjainyksikk\u00f6 pystyy suojelemaan mekaniikkaa vaurioilta.<\/li>\n<li>Automaattivaihteiston ja moottorinohjainyksik\u00f6n yhteispeli on otettu huomioon ohjelmia kehitett\u00e4ess\u00e4, miss\u00e4\u00e4n kohtaa ei ole \u201doikaistu\u201d vaan ohjelmat toimivat oikeaoppisesti ja n\u00e4in ollen vaihteiston toiminta ei h\u00e4iriinny.<\/li>\n<li>Mallikohtaista lis\u00e4tietoa\u00a0<a href=\"http:\/\/goapr.com\/\" data-saferedirecturl=\"https:\/\/www.google.com\/url?q=http:\/\/goapr.com&amp;source=gmail&amp;ust=1571994649509000&amp;usg=AFQjCNHvjIxlTCEplXCJjldCHub8sWuFOA\">goapr.com<\/a><\/li>\n<\/ul>\n<\/div><\/div><\/div><\/div><\/div><div class=\"w-tabs-section has_text_color\" id=\"q652\"><button class=\"w-tabs-section-header\" aria-controls=\"content-q652\" aria-expanded=\"false\"><div class=\"w-tabs-section-title\">VIRITYSOHJELMAT DSG\/S-TRONIC VAIHTEISTOILLE<\/div><div class=\"w-tabs-section-control\"><\/div><\/button><div  class=\"w-tabs-section-content us_custom_6df4bc3a\" id=\"content-q652\"><div class=\"w-tabs-section-content-h i-cf\"><div class=\"wpb_text_column us_custom_6df4bc3a has_text_color\"><div class=\"wpb_wrapper\"><p>Vaihdelaatikon ohjelmointi antaa lis\u00e4\u00e4 urheilullisuutta auton k\u00e4ytt\u00e4ytymiseen.<\/p>\n<ul>\n<li>Vaihtopisteet ja kartat optimoitu kullekin moottorin viritysohjelmalle sopivaksi -&gt; lis\u00e4\u00e4 kiihtyvyytt\u00e4<\/li>\n<li>Kytkinpaineita on nostettu vastaamaan korotettua tehoa<\/li>\n<li>Manuaalitilan \u201dpakkovaihdot\u201d yl\u00f6s ja\/tai alasp\u00e4in voidaan poistaa k\u00e4yt\u00f6st\u00e4<\/li>\n<li>Kolmivaiheinen launch control, jonka kierrosrajat voidaan muokata ohjelmoinnin yhteydess\u00e4<\/li>\n<\/ul>\n<p>\u2013 Lue lis\u00e4\u00e4\u00a0<a href=\"http:\/\/goapr.com\/\" data-saferedirecturl=\"https:\/\/www.google.com\/url?q=http:\/\/goapr.com&amp;source=gmail&amp;ust=1571994649509000&amp;usg=AFQjCNHvjIxlTCEplXCJjldCHub8sWuFOA\">goapr.com<\/a><\/p>\n<\/div><\/div><\/div><\/div><\/div><div class=\"w-tabs-section has_text_color\" id=\"i253\"><button class=\"w-tabs-section-header\" aria-controls=\"content-i253\" aria-expanded=\"false\"><div class=\"w-tabs-section-title\">VIRITYSTUOTTEET<\/div><div class=\"w-tabs-section-control\"><\/div><\/button><div  class=\"w-tabs-section-content us_custom_6df4bc3a\" id=\"content-i253\"><div class=\"w-tabs-section-content-h i-cf\"><div class=\"wpb_text_column us_custom_6df4bc3a has_text_color\"><div class=\"wpb_wrapper\"><p>APR tarjoaa maailman parhaat viritystuotteet ohjelmaviritysten kavereiksi. Pakoputkistot, v\u00e4lij\u00e4\u00e4hdyttimet, ilmanotot ynn\u00e4 muut tarvikkeet on kaikki suunniteltu ja valmistettu APR:n omassa tuotannossa korkean laadun ja suorituskyvyn varmistamiseksi.<\/p>\n<ul>\n<li>Tuotteet suunnitellaan ja valmistetaan suorituskyky ja laatu edell\u00e4. Eiv\u00e4t siis ole halpoja, mutta sen sijaan ovat\u00a0<strong>parhaita<\/strong>.<\/li>\n<li>Tuotteiden istuvuus ja asennettavuus on erinomainen, lis\u00e4ksi APR tarjoaa asennusohjeet useimmille tuotteille<\/li>\n<\/ul>\n<\/div><\/div><div class=\"g-cols wpb_row via_flex valign_top type_default stacking_default\"><div class=\"vc_col-sm-4 wpb_column vc_column_container\"><div class=\"vc_column-inner\"><div class=\"wpb_wrapper\"><div class=\"w-separator size_small\"><\/div><div class=\"w-image align_center\"><div class=\"w-image-h\"><img decoding=\"async\" width=\"768\" height=\"513\" src=\"https:\/\/terhonpaja.fi\/wp-content\/uploads\/2020\/10\/xapr-kuva-768x513.jpg.pagespeed.ic_.WUabQtGFaP.jpeg\" class=\"attachment-large size-large\" alt=\"\" loading=\"lazy\" srcset=\"https:\/\/terhonpaja.fi\/wp-content\/uploads\/2020\/10\/xapr-kuva-768x513.jpg.pagespeed.ic_.WUabQtGFaP.jpeg 768w, https:\/\/terhonpaja.fi\/wp-content\/uploads\/2020\/10\/xapr-kuva-768x513.jpg.pagespeed.ic_.WUabQtGFaP-600x401.jpeg 600w, https:\/\/terhonpaja.fi\/wp-content\/uploads\/2020\/10\/xapr-kuva-768x513.jpg.pagespeed.ic_.WUabQtGFaP-300x200.jpeg 300w\" sizes=\"auto, (max-width: 768px) 100vw, 768px\" \/><\/div><\/div><\/div><\/div><\/div><div class=\"vc_col-sm-4 wpb_column vc_column_container\"><div class=\"vc_column-inner\"><div class=\"wpb_wrapper\"><div class=\"w-separator size_small\"><\/div><div class=\"w-image align_center\"><div class=\"w-image-h\"><img decoding=\"async\" width=\"768\" height=\"513\" src=\"https:\/\/terhonpaja.fi\/wp-content\/uploads\/2020\/10\/xapr-kuva-2-768x513.jpg.pagespeed.ic_.SwD62sXc99.jpeg\" class=\"attachment-large size-large\" alt=\"\" loading=\"lazy\" srcset=\"https:\/\/terhonpaja.fi\/wp-content\/uploads\/2020\/10\/xapr-kuva-2-768x513.jpg.pagespeed.ic_.SwD62sXc99.jpeg 768w, https:\/\/terhonpaja.fi\/wp-content\/uploads\/2020\/10\/xapr-kuva-2-768x513.jpg.pagespeed.ic_.SwD62sXc99-600x401.jpeg 600w, https:\/\/terhonpaja.fi\/wp-content\/uploads\/2020\/10\/xapr-kuva-2-768x513.jpg.pagespeed.ic_.SwD62sXc99-300x200.jpeg 300w\" sizes=\"auto, (max-width: 768px) 100vw, 768px\" \/><\/div><\/div><\/div><\/div><\/div><div class=\"vc_col-sm-4 wpb_column vc_column_container\"><div class=\"vc_column-inner\"><div class=\"wpb_wrapper\"><div class=\"w-separator size_small\"><\/div><div class=\"w-image align_center\"><div class=\"w-image-h\"><img decoding=\"async\" width=\"431\" height=\"287\" src=\"https:\/\/terhonpaja.fi\/wp-content\/uploads\/2020\/10\/xapr-kuva-3.jpg.pagespeed.ic_.fz69p_eXNV.jpeg\" class=\"attachment-large size-large\" alt=\"\" loading=\"lazy\" srcset=\"https:\/\/terhonpaja.fi\/wp-content\/uploads\/2020\/10\/xapr-kuva-3.jpg.pagespeed.ic_.fz69p_eXNV.jpeg 431w, https:\/\/terhonpaja.fi\/wp-content\/uploads\/2020\/10\/xapr-kuva-3.jpg.pagespeed.ic_.fz69p_eXNV-300x200.jpeg 300w\" sizes=\"auto, (max-width: 431px) 100vw, 431px\" \/><\/div><\/div><\/div><\/div><\/div><\/div><\/div><\/div><\/div><\/div><\/div><div class=\"w-separator size_large\"><\/div><div class=\"w-btn-wrapper align_center\"><a class=\"w-btn us-btn-style_1\" href=\"#third\"><span class=\"w-btn-label\">Viritysohjelmahaku<\/span><\/a><\/div><\/div><\/div><\/div><\/div><\/div><\/section><section class=\"l-section wpb_row us_custom_e86c806a height_medium full_height valign_center color_alternate\"><div class=\"l-section-h i-cf\"><div class=\"g-cols vc_row via_flex valign_top type_default stacking_default\"><div class=\"vc_col-sm-12 wpb_column vc_column_container\"><div class=\"vc_column-inner\"><div class=\"wpb_wrapper\"><div class=\"wpb_text_column us_custom_6df4bc3a has_text_color\"><div class=\"wpb_wrapper\"><h3 style=\"text-align: center;\"><strong><span style=\"color: #ff0000;\">ERIKOISMOOTTORI<\/span><\/strong><\/h3>\n<\/div><\/div><div class=\"w-separator size_large\"><\/div><div class=\"g-cols wpb_row us_custom_6df4bc3a has_text_color via_flex valign_top type_default stacking_default\"><div class=\"vc_col-sm-12 wpb_column vc_column_container\"><div class=\"vc_column-inner\"><div class=\"wpb_wrapper\"><div class=\"wpb_text_column\"><div class=\"wpb_wrapper\"><div class=\"wpb_text_column wpb_content_element \">\n<div class=\"wpb_wrapper\">\n<div class=\"wpb_text_column wpb_content_element \">\n<div class=\"wpb_wrapper\">\n<div class=\"wpb_text_column wpb_content_element \">\n<div class=\"wpb_wrapper\">\n<h6 style=\"text-align: center;\">Parasta laatua autosi virityksen!<\/h6>\n<\/div>\n<\/div>\n<div class=\"wpb_text_column wpb_content_element \">\n<div class=\"wpb_wrapper\">\n<p style=\"text-align: center;\">Erikoismoottori.fi on toinen alan kova toimija jo yli 15 vuoden kokemuksella. Ohjelmat ovat Erikoismoottorin omaa tuotantoa ja niit\u00e4 on saatavilla VAG-konsernituotteiden lis\u00e4ksi my\u00f6s muihin merkkeihin, kuten BMW, MB, Volvo ja useimpiin muihin eurooppalaisiin ja joihinkin japanilaisiin autoihin.<\/p>\n<\/div>\n<\/div>\n<\/div>\n<\/div>\n<\/div>\n<\/div>\n<\/div><\/div><\/div><\/div><\/div><\/div><div class=\"w-separator size_large\"><\/div><div class=\"w-tabs style_default switch_click accordion has_scrolling\" style=\"--sections-title-size:inherit\"><div class=\"w-tabs-sections titles-align_none icon_chevron cpos_right\"><div class=\"w-tabs-section has_text_color\" id=\"vd7e\"><button class=\"w-tabs-section-header\" aria-controls=\"content-vd7e\" aria-expanded=\"false\"><div class=\"w-tabs-section-title\">BENSIINI \/ E85 -VIRITYS<\/div><div class=\"w-tabs-section-control\"><\/div><\/button><div  class=\"w-tabs-section-content us_custom_6df4bc3a\" id=\"content-vd7e\"><div class=\"w-tabs-section-content-h i-cf\"><div class=\"wpb_text_column us_custom_6df4bc3a has_text_color\"><div class=\"wpb_wrapper\"><p>Ohjelmaviritykset yli kymmenen vuoden kokemuksella. My\u00f6s mekaanisesti muutetut moottorit ilman tehorajoja<\/p>\n<ul>\n<li>Imusarjal\u00e4ppiin liittyv\u00e4t muutokset<\/li>\n<li>Muutokset E85-polttoaineelle<\/li>\n<\/ul>\n<p>Viritys tehd\u00e4\u00e4n sille polttoaineelle (95E\/98E), jota autossa on virityshetkell\u00e4. E85-muutoksen yhteydess\u00e4 ty\u00f6 aloitetaan bensalla ja polttoaine vaihdetaan prosessin aikana.<\/p>\n<\/div><\/div><\/div><\/div><\/div><div class=\"w-tabs-section has_text_color\" id=\"ifdb\"><button class=\"w-tabs-section-header\" aria-controls=\"content-ifdb\" aria-expanded=\"false\"><div class=\"w-tabs-section-title\">DSG \/ S-TRONIC -VAIHTEISTOJEN VIRITYS<\/div><div class=\"w-tabs-section-control\"><\/div><\/button><div  class=\"w-tabs-section-content us_custom_6df4bc3a\" id=\"content-ifdb\"><div class=\"w-tabs-section-content-h i-cf\"><div class=\"wpb_text_column us_custom_6df4bc3a has_text_color\"><div class=\"wpb_wrapper\"><ul>\n<li>Vaihtokohtien muutokset &amp; kierrosrajoittimen nosto<\/li>\n<li>L\u00e4ht\u00f6j\u00e4rjestelm\u00e4n muutokset<\/li>\n<li>Tiptronic-automaattivaihtojen esto<\/li>\n<li>V\u00e4\u00e4nt\u00f6rajoitusten muutokset<\/li>\n<li>Kytkinpaineiden muutokset<\/li>\n<li>Vaihtoaikojen pienennys<\/li>\n<\/ul>\n<\/div><\/div><\/div><\/div><\/div><div class=\"w-tabs-section has_text_color\" id=\"k1cd\"><button class=\"w-tabs-section-header\" aria-controls=\"content-k1cd\" aria-expanded=\"false\"><div class=\"w-tabs-section-title\">DIESEL-VIRITYS<\/div><div class=\"w-tabs-section-control\"><\/div><\/button><div  class=\"w-tabs-section-content us_custom_6df4bc3a\" id=\"content-k1cd\"><div class=\"w-tabs-section-content-h i-cf\"><div class=\"wpb_text_column us_custom_6df4bc3a has_text_color\"><div class=\"wpb_wrapper\"><ul>\n<li>Ohjelmaviritykset, my\u00f6s mekaanisesti muutetut moottorit<\/li>\n<\/ul>\n<p>Tekemisen ideologiana on v\u00e4ltt\u00e4\u00e4 monien Diesel-viritt\u00e4jien suosimia huijauskeinoja, joilla v\u00e4\u00e4ristet\u00e4\u00e4n laskennallisen ja todellisen v\u00e4\u00e4nt\u00f6momentin suhdetta. Huijauskeinoin viritetyiss\u00e4 autoissa alkavat tyypillisesti automaattivaihteistot oireilemaan. Hyvin tehdyss\u00e4 virityksess\u00e4 vaihteisto n\u00e4kee todellisen v\u00e4\u00e4nn\u00f6n ja toimii kuin tehtaalta tullessaan.<\/p>\n<\/div><\/div><\/div><\/div><\/div><\/div><\/div><div class=\"w-separator size_large\"><\/div><div class=\"w-btn-wrapper align_center\"><a class=\"w-btn us-btn-style_1\" href=\"#third\"><span class=\"w-btn-label\">Viritysohjelmahaku<\/span><\/a><\/div><\/div><\/div><\/div><\/div><\/div><\/section><section class=\"l-section wpb_row us_custom_8cd4af33 height_medium full_height valign_center color_alternate\" id=\"second\"><div class=\"l-section-h i-cf\"><div class=\"g-cols vc_row via_flex valign_top type_default stacking_default\"><div class=\"vc_col-sm-12 wpb_column vc_column_container\"><div class=\"vc_column-inner\"><div class=\"wpb_wrapper\"><div class=\"wpb_text_column us_custom_6df4bc3a has_text_color\"><div class=\"wpb_wrapper\"><h2 style=\"text-align: center;\"><span style=\"color: #ffffff;\">Viritys sopii kaikille!<\/span><\/h2>\n<\/div><\/div><div class=\"w-separator size_large\"><\/div><div class=\"g-cols wpb_row us_custom_6df4bc3a has_text_color via_flex valign_top type_default stacking_default\"><div class=\"vc_col-sm-12 wpb_column vc_column_container\"><div class=\"vc_column-inner\"><div class=\"wpb_wrapper\"><div class=\"wpb_text_column\"><div class=\"wpb_wrapper\"><div class=\"wpb_text_column wpb_content_element \">\n<div class=\"wpb_wrapper\">\n<div class=\"wpb_text_column wpb_content_element \">\n<div class=\"wpb_wrapper\">\n<p style=\"text-align: left;\">Autosi on \u00e4lykk\u00e4\u00e4mpi kuin luulet. Tule k\u00e4ym\u00e4\u00e4n pajalla. Me teemme hetkess\u00e4 selvityksen, kuinka paljon tehoa sinun autoosi on mahdollista saada pelk\u00e4ll\u00e4 ohjelmoinnilla. Kun innostut, pistet\u00e4\u00e4n piuhat kiinni autoon. Kotimatka k\u00e4ypi reippaammin.<\/p>\n<p style=\"text-align: left;\">Alan osaajat tiet\u00e4v\u00e4t usein, mit\u00e4 autoonsa tahtovat. Jos auton viritys on sinulle kuitenkin vieras maaper\u00e4, konsultoimme k\u00e4rryysi juuri sinua parhaiten palvelevan kokonaisuuden.<\/p>\n<p style=\"text-align: left;\">Jos yksin ohjelmointi ei riit\u00e4 toteuttamaan toiveitasi, APR tarjoaa kattavan valikoiman viritystuotteita, jotka mahdollistavat suurenkin tehonlis\u00e4yksen k\u00e4tev\u00e4sti \u201dbolt-on\u201d sarjoilla. Valikoimaan kuuluvat tarkkuusvaluna valmistetut downpipet, pakoputkistot ruostumattomasta ter\u00e4ksest\u00e4, v\u00e4lij\u00e4\u00e4hdytinsarjat, hiilikuituiset ilmanotot ynn\u00e4 muut tuotteet, joilla tehoa saadaan yleens\u00e4 riitt\u00e4v\u00e4sti.<\/p>\n<p style=\"text-align: left;\">Tiesitk\u00f6, ett\u00e4 autoa voi viritt\u00e4\u00e4 my\u00f6s hyvin ymp\u00e4rist\u00f6yst\u00e4v\u00e4llisesti? Voimme muuttaa bensiiniauton k\u00e4ym\u00e4\u00e4n etanolilla. Luonto kiitt\u00e4\u00e4 ja autosi saa rutkasti lis\u00e4\u00e4 tehoa.<\/p>\n<\/div>\n<\/div>\n<\/div>\n<\/div>\n<\/div><\/div><\/div><\/div><\/div><\/div><div class=\"w-separator size_large\"><\/div><div class=\"w-btn-wrapper align_center\"><a class=\"w-btn us-btn-style_1\" href=\"#third\"><span class=\"w-btn-label\">Viritysohjelmahaku<\/span><\/a><\/div><\/div><\/div><\/div><\/div><\/div><\/section><section class=\"l-section wpb_row us_custom_e86c806a height_medium full_height valign_center color_alternate\"><div class=\"l-section-h i-cf\"><div class=\"g-cols vc_row via_flex valign_top type_default stacking_default\"><div class=\"vc_col-sm-12 wpb_column vc_column_container\"><div class=\"vc_column-inner\"><div class=\"wpb_wrapper\"><div class=\"g-cols wpb_row us_custom_6df4bc3a has_text_color via_flex valign_top type_default stacking_default\"><div class=\"vc_col-sm-3 wpb_column vc_column_container\"><div class=\"vc_column-inner\"><div class=\"wpb_wrapper\"><div class=\"w-image align_center\"><div class=\"w-image-h\"><img decoding=\"async\" width=\"1024\" height=\"1024\" src=\"https:\/\/terhonpaja.fi\/wp-content\/uploads\/2020\/10\/APR-1024x1024.png\" class=\"attachment-large size-large\" alt=\"\" loading=\"lazy\" srcset=\"https:\/\/terhonpaja.fi\/wp-content\/uploads\/2020\/10\/APR.png 1024w, https:\/\/terhonpaja.fi\/wp-content\/uploads\/2020\/10\/APR-150x150.png 150w, https:\/\/terhonpaja.fi\/wp-content\/uploads\/2020\/10\/APR-600x600.png 600w, https:\/\/terhonpaja.fi\/wp-content\/uploads\/2020\/10\/APR-300x300.png 300w\" sizes=\"auto, (max-width: 1024px) 100vw, 1024px\" \/><\/div><\/div><\/div><\/div><\/div><div class=\"vc_col-sm-3 wpb_column vc_column_container\"><div class=\"vc_column-inner\"><div class=\"wpb_wrapper\"><div class=\"w-image align_center\"><div class=\"w-image-h\"><img decoding=\"async\" width=\"1000\" height=\"1000\" src=\"https:\/\/terhonpaja.fi\/wp-content\/uploads\/2020\/10\/Copy-of-Untitled-8.png\" class=\"attachment-large size-large\" alt=\"\" loading=\"lazy\" srcset=\"https:\/\/terhonpaja.fi\/wp-content\/uploads\/2020\/10\/Copy-of-Untitled-8.png 1000w, https:\/\/terhonpaja.fi\/wp-content\/uploads\/2020\/10\/Copy-of-Untitled-8-150x150.png 150w, https:\/\/terhonpaja.fi\/wp-content\/uploads\/2020\/10\/Copy-of-Untitled-8-600x600.png 600w, https:\/\/terhonpaja.fi\/wp-content\/uploads\/2020\/10\/Copy-of-Untitled-8-300x300.png 300w\" sizes=\"auto, (max-width: 1000px) 100vw, 1000px\" \/><\/div><\/div><\/div><\/div><\/div><div class=\"vc_col-sm-6 wpb_column vc_column_container\"><div class=\"vc_column-inner\"><div class=\"wpb_wrapper\"><div class=\"wpb_text_column us_custom_6df4bc3a has_text_color\"><div class=\"wpb_wrapper\"><div class=\"wpb_text_column wpb_content_element \">\n<div class=\"wpb_wrapper\">\n<div class=\"wpb_text_column wpb_content_element \">\n<div class=\"wpb_wrapper\">\n<div class=\"wpb_text_column wpb_content_element \">\n<div class=\"wpb_wrapper\">\n<div class=\"wpb_text_column wpb_content_element \">\n<div class=\"wpb_wrapper\">\n<h2 style=\"text-align: left;\"><span style=\"color: #ffffff;\">Laadukkaiden viritystuotteiden verkkokauppa.<\/span><\/h2>\n<\/div>\n<\/div>\n<div class=\"wpb_text_column wpb_content_element \">\n<div class=\"wpb_wrapper\">\n<p style=\"text-align: left;\">Terhon Paja on APR- ja Verkline-tuotteiden virallinen maahantuoja ja j\u00e4lleenmyyj\u00e4 Suomessa. Verklinelt\u00e4 saat vanhempiin ja uudempiin Audeihin laadukkaat mutta kohtuuhintaiset uretaanipuslat, jarrusetit, ynn\u00e4 muut alustan osat. Terhon Pajan hinnat ovat samat kuin Verklinen omassa nettikaupassa.<\/p>\n<\/div>\n<\/div>\n<\/div>\n<\/div>\n<\/div>\n<\/div>\n<\/div>\n<\/div>\n<\/div><\/div><\/div><\/div><\/div><\/div><\/div><\/div><\/div><\/div><\/div><\/section>\n","protected":false},"excerpt":{"rendered":"Auton viritys Viritysohjelmat APR Parasta laatua autosi virityksen! APR on yksi maailman suurimmista VAG-konsernin autoihin keskittyneist\u00e4 viritystuotteiden- ja ohjelmien valmistaja. Voimakas panostus tuotekehitykseen takaa sen ett\u00e4 APR pysyy kehityksen k\u00e4rjess\u00e4 nyt ja tulevaisuudessa. Avaa APR-viritysohjelmahaku ja l\u00f6yd\u00e4 autossasi piilev\u00e4t voimat! VIRITYSOHJELMAT MOOTTOREILLEAPR tarjoaa huippulaadukkaat viritysohjelmat bensiini, flexifuel ja my\u00f6s diesel-moottoreille. Ohjelmat kehitet\u00e4\u00e4n APR:n p\u00e4\u00e4majassa Alabaman...","protected":false},"author":11,"featured_media":0,"parent":0,"menu_order":0,"comment_status":"closed","ping_status":"closed","template":"","meta":{"_acf_changed":false,"footnotes":""},"class_list":["post-3549","page","type-page","status-publish","hentry"],"acf":[],"yoast_head":"<!-- This site is optimized with the Yoast SEO plugin v27.5 - https:\/\/yoast.com\/product\/yoast-seo-wordpress\/ -->\n<title>Auton viritys - Terhon Paja<\/title>\n<meta name=\"robots\" content=\"index, follow, max-snippet:-1, max-image-preview:large, max-video-preview:-1\" \/>\n<link rel=\"canonical\" href=\"https:\/\/terhonpaja.fi\/?page_id=3549\" \/>\n<meta property=\"og:locale\" content=\"fi_FI\" \/>\n<meta property=\"og:type\" content=\"article\" \/>\n<meta property=\"og:title\" content=\"Auton viritys - Terhon Paja\" \/>\n<meta property=\"og:url\" content=\"https:\/\/terhonpaja.fi\/?page_id=3549\" \/>\n<meta property=\"og:site_name\" content=\"Terhon Paja\" \/>\n<meta property=\"article:modified_time\" content=\"2021-01-21T13:24:41+00:00\" \/>\n<meta name=\"twitter:card\" content=\"summary_large_image\" \/>\n<meta name=\"twitter:label1\" content=\"Arvioitu lukuaika\" \/>\n\t<meta name=\"twitter:data1\" content=\"7 minuuttia\" \/>\n<script type=\"application\/ld+json\" class=\"yoast-schema-graph\">{\"@context\":\"https:\\\/\\\/schema.org\",\"@graph\":[{\"@type\":\"WebPage\",\"@id\":\"https:\\\/\\\/terhonpaja.fi\\\/?page_id=3549\",\"url\":\"https:\\\/\\\/terhonpaja.fi\\\/?page_id=3549\",\"name\":\"Auton viritys - Terhon Paja\",\"isPartOf\":{\"@id\":\"https:\\\/\\\/terhonpaja.fi\\\/#website\"},\"datePublished\":\"2015-04-08T15:40:23+00:00\",\"dateModified\":\"2021-01-21T13:24:41+00:00\",\"breadcrumb\":{\"@id\":\"https:\\\/\\\/terhonpaja.fi\\\/?page_id=3549#breadcrumb\"},\"inLanguage\":\"fi\",\"potentialAction\":[{\"@type\":\"ReadAction\",\"target\":[\"https:\\\/\\\/terhonpaja.fi\\\/?page_id=3549\"]}]},{\"@type\":\"BreadcrumbList\",\"@id\":\"https:\\\/\\\/terhonpaja.fi\\\/?page_id=3549#breadcrumb\",\"itemListElement\":[{\"@type\":\"ListItem\",\"position\":1,\"name\":\"Etusivu\",\"item\":\"https:\\\/\\\/terhonpaja.fi\\\/\"},{\"@type\":\"ListItem\",\"position\":2,\"name\":\"Auton viritys\"}]},{\"@type\":\"WebSite\",\"@id\":\"https:\\\/\\\/terhonpaja.fi\\\/#website\",\"url\":\"https:\\\/\\\/terhonpaja.fi\\\/\",\"name\":\"Terhon Paja\",\"description\":\"Auton virityspaja M\u00e4nts\u00e4l\u00e4ss\u00e4\",\"potentialAction\":[{\"@type\":\"SearchAction\",\"target\":{\"@type\":\"EntryPoint\",\"urlTemplate\":\"https:\\\/\\\/terhonpaja.fi\\\/?s={search_term_string}\"},\"query-input\":{\"@type\":\"PropertyValueSpecification\",\"valueRequired\":true,\"valueName\":\"search_term_string\"}}],\"inLanguage\":\"fi\"}]}<\/script>\n<!-- \/ Yoast SEO plugin. -->","yoast_head_json":{"title":"Auton viritys - Terhon Paja","robots":{"index":"index","follow":"follow","max-snippet":"max-snippet:-1","max-image-preview":"max-image-preview:large","max-video-preview":"max-video-preview:-1"},"canonical":"https:\/\/terhonpaja.fi\/?page_id=3549","og_locale":"fi_FI","og_type":"article","og_title":"Auton viritys - Terhon Paja","og_url":"https:\/\/terhonpaja.fi\/?page_id=3549","og_site_name":"Terhon Paja","article_modified_time":"2021-01-21T13:24:41+00:00","twitter_card":"summary_large_image","twitter_misc":{"Arvioitu lukuaika":"7 minuuttia"},"schema":{"@context":"https:\/\/schema.org","@graph":[{"@type":"WebPage","@id":"https:\/\/terhonpaja.fi\/?page_id=3549","url":"https:\/\/terhonpaja.fi\/?page_id=3549","name":"Auton viritys - Terhon Paja","isPartOf":{"@id":"https:\/\/terhonpaja.fi\/#website"},"datePublished":"2015-04-08T15:40:23+00:00","dateModified":"2021-01-21T13:24:41+00:00","breadcrumb":{"@id":"https:\/\/terhonpaja.fi\/?page_id=3549#breadcrumb"},"inLanguage":"fi","potentialAction":[{"@type":"ReadAction","target":["https:\/\/terhonpaja.fi\/?page_id=3549"]}]},{"@type":"BreadcrumbList","@id":"https:\/\/terhonpaja.fi\/?page_id=3549#breadcrumb","itemListElement":[{"@type":"ListItem","position":1,"name":"Etusivu","item":"https:\/\/terhonpaja.fi\/"},{"@type":"ListItem","position":2,"name":"Auton viritys"}]},{"@type":"WebSite","@id":"https:\/\/terhonpaja.fi\/#website","url":"https:\/\/terhonpaja.fi\/","name":"Terhon Paja","description":"Auton virityspaja M\u00e4nts\u00e4l\u00e4ss\u00e4","potentialAction":[{"@type":"SearchAction","target":{"@type":"EntryPoint","urlTemplate":"https:\/\/terhonpaja.fi\/?s={search_term_string}"},"query-input":{"@type":"PropertyValueSpecification","valueRequired":true,"valueName":"search_term_string"}}],"inLanguage":"fi"}]}},"_links":{"self":[{"href":"https:\/\/terhonpaja.fi\/index.php?rest_route=\/wp\/v2\/pages\/3549","targetHints":{"allow":["GET"]}}],"collection":[{"href":"https:\/\/terhonpaja.fi\/index.php?rest_route=\/wp\/v2\/pages"}],"about":[{"href":"https:\/\/terhonpaja.fi\/index.php?rest_route=\/wp\/v2\/types\/page"}],"author":[{"embeddable":true,"href":"https:\/\/terhonpaja.fi\/index.php?rest_route=\/wp\/v2\/users\/11"}],"replies":[{"embeddable":true,"href":"https:\/\/terhonpaja.fi\/index.php?rest_route=%2Fwp%2Fv2%2Fcomments&post=3549"}],"version-history":[{"count":0,"href":"https:\/\/terhonpaja.fi\/index.php?rest_route=\/wp\/v2\/pages\/3549\/revisions"}],"wp:attachment":[{"href":"https:\/\/terhonpaja.fi\/index.php?rest_route=%2Fwp%2Fv2%2Fmedia&parent=3549"}],"curies":[{"name":"wp","href":"https:\/\/api.w.org\/{rel}","templated":true}]}}