{"id":7613,"date":"2020-10-01T08:31:50","date_gmt":"2020-10-01T08:31:50","guid":{"rendered":"https:\/\/terhonpaja.fi\/?page_id=7613"},"modified":"2025-09-19T13:33:01","modified_gmt":"2025-09-19T13:33:01","slug":"etusivu","status":"publish","type":"page","link":"https:\/\/terhonpaja.fi\/","title":{"rendered":"Etusivu"},"content":{"rendered":"<section class=\"l-section wpb_row height_small color_alternate with_img parallax_ver\"><div class=\"l-section-img\" role=\"img\" aria-label=\"Kuva\" data-img-width=\"1024\" data-img-height=\"576\" style=\"background-image: url(https:\/\/terhonpaja.fi\/wp-content\/uploads\/2020\/10\/kansi.png);\"><\/div><div class=\"l-section-h i-cf\"><div class=\"g-cols vc_row via_flex valign_top type_default stacking_default\"><div class=\"vc_col-sm-12 wpb_column vc_column_container\"><div class=\"vc_column-inner\"><div class=\"wpb_wrapper\"><div class=\"w-image align_center\"><div class=\"w-image-h\"><img decoding=\"async\" width=\"768\" height=\"500\" src=\"https:\/\/terhonpaja.fi\/wp-content\/uploads\/2020\/10\/Untitled-design-2020-10-01T093152.675-768x500.png\" class=\"attachment-tenweb_optimizer_tablet size-tenweb_optimizer_tablet\" alt=\"\" loading=\"lazy\" \/><\/div><\/div><\/div><\/div><\/div><\/div><\/div><\/section><section class=\"l-section wpb_row us_custom_8cd4af33 height_medium full_height valign_center color_alternate\" id=\"second\"><div class=\"l-section-h i-cf\"><div class=\"g-cols vc_row via_flex valign_top type_default stacking_default\"><div class=\"vc_col-sm-12 wpb_column vc_column_container\"><div class=\"vc_column-inner\"><div class=\"wpb_wrapper\"><div class=\"wpb_text_column us_custom_6df4bc3a has_text_color\"><div class=\"wpb_wrapper\"><h2 style=\"text-align: center;\"><span style=\"color: #ffffff;\">Viritykseen erikoistunut paja M\u00e4nts\u00e4l\u00e4ss\u00e4<\/span><\/h2>\n<\/div><\/div><div class=\"w-separator size_large\"><\/div><div class=\"g-cols wpb_row us_custom_6df4bc3a has_text_color via_flex valign_top type_default stacking_default\"><div class=\"vc_col-sm-12 wpb_column vc_column_container\"><div class=\"vc_column-inner\"><div class=\"wpb_wrapper\"><div class=\"wpb_text_column\"><div class=\"wpb_wrapper\"><div class=\"wpb_text_column wpb_content_element \">\n<div class=\"wpb_wrapper\">\n<p style=\"text-align: center;\">Terhon Paja on auton suorituskyvyn parantamiseen erikoistunut paja. Pajaltamme l\u00f6ytyy monipuolista osaamista. Edustamme laadukkaita merkkej\u00e4 ja tarvittaessa voimme suunnitella ja valmistaa my\u00f6s mittatilausosia. Terho S\u00e4rkikoski on tehnyt pitk\u00e4n uran mekaniikkasuunnittelun parissa ja tekee edelleen alinhankintaty\u00f6n\u00e4 erilaisia projekteja alalle, mm. hitsausjigej\u00e4. Teemme my\u00f6s normaalit autohuollot ja korjaukset.<\/p>\n<\/div>\n<\/div>\n<\/div><\/div><\/div><\/div><\/div><\/div><div class=\"w-separator size_large\"><\/div><div class=\"w-btn-wrapper align_center\"><a class=\"w-btn us-btn-style_1\" href=\"https:\/\/terhonpaja.fi\/yhteystiedot\/\"><span class=\"w-btn-label\">Ota yhteytt\u00e4<\/span><\/a><\/div><\/div><\/div><\/div><\/div><\/div><\/section><section class=\"l-section wpb_row us_custom_b7a68ffe height_medium full_height valign_center color_primary parallax_ver parallaxdir_reversed\" id=\"fourth\"><div class=\"l-section-overlay\" style=\"background:rgba(30,30,30,0.75)\"><\/div><div class=\"l-section-h i-cf\"><div class=\"g-cols vc_row via_flex valign_top type_default stacking_default\"><div class=\"vc_col-sm-12 wpb_column vc_column_container align_center\"><div class=\"vc_column-inner\"><div class=\"wpb_wrapper\"><div class=\"wpb_text_column\"><div class=\"wpb_wrapper\"><h2 style=\"text-align: center;\">Terhon Paja tarjoaa<\/h2>\n<\/div><\/div><div class=\"w-separator size_large\"><\/div><div class=\"g-cols wpb_row via_flex valign_top type_default stacking_default\"><div class=\"vc_col-sm-3 wpb_column vc_column_container\"><div class=\"vc_column-inner\"><div class=\"wpb_wrapper\"><div class=\"w-iconbox iconpos_top style_circle color_primary align_center icontype_img\"><a href=\"https:\/\/terhonpaja.fi\/autonviritys\/\" class=\"w-iconbox-link\" aria-label=\"Auton viritys\"><div class=\"w-iconbox-icon\" style=\"font-size:;\"><img loading=\"lazy\" decoding=\"async\" width=\"1000\" height=\"1000\" src=\"https:\/\/terhonpaja.fi\/wp-content\/uploads\/2020\/10\/Copy-of-Untitled-2.png\" class=\"attachment-full size-full\" alt=\"\" srcset=\"https:\/\/terhonpaja.fi\/wp-content\/uploads\/2020\/10\/Copy-of-Untitled-2.png 1000w, https:\/\/terhonpaja.fi\/wp-content\/uploads\/2020\/10\/Copy-of-Untitled-2-150x150.png 150w, https:\/\/terhonpaja.fi\/wp-content\/uploads\/2020\/10\/Copy-of-Untitled-2-600x600.png 600w, https:\/\/terhonpaja.fi\/wp-content\/uploads\/2020\/10\/Copy-of-Untitled-2-300x300.png 300w\" sizes=\"auto, (max-width: 1000px) 100vw, 1000px\" \/><\/div><\/a><div class=\"w-iconbox-meta\"><h4 class=\"w-iconbox-title\"><a href=\"https:\/\/terhonpaja.fi\/autonviritys\/\" class=\"w-iconbox-link\" aria-label=\"Auton viritys\">Auton viritys<\/a><\/h4><div class=\"w-iconbox-text\"><p>Halusitpa vain parantaa ajomukavuutta tai saada rutkasti lis\u00e4\u00e4 tehoa, tulit oikeaan paikkaan.<\/p>\n<\/div><\/div><\/div><\/div><\/div><\/div><div class=\"vc_col-sm-3 wpb_column vc_column_container\"><div class=\"vc_column-inner\"><div class=\"wpb_wrapper\"><div class=\"w-iconbox iconpos_top style_circle color_primary align_center icontype_img\"><a href=\"https:\/\/terhonpaja.fi\/korjaamopalvelut\/\" class=\"w-iconbox-link\" aria-label=\"Korjaamopalvelut\"><div class=\"w-iconbox-icon\" style=\"font-size:;\"><img loading=\"lazy\" decoding=\"async\" width=\"1000\" height=\"1000\" src=\"https:\/\/terhonpaja.fi\/wp-content\/uploads\/2020\/10\/Copy-of-Untitled-3.png\" class=\"attachment-full size-full\" alt=\"\" srcset=\"https:\/\/terhonpaja.fi\/wp-content\/uploads\/2020\/10\/Copy-of-Untitled-3.png 1000w, https:\/\/terhonpaja.fi\/wp-content\/uploads\/2020\/10\/Copy-of-Untitled-3-150x150.png 150w, https:\/\/terhonpaja.fi\/wp-content\/uploads\/2020\/10\/Copy-of-Untitled-3-600x600.png 600w, https:\/\/terhonpaja.fi\/wp-content\/uploads\/2020\/10\/Copy-of-Untitled-3-300x300.png 300w\" sizes=\"auto, (max-width: 1000px) 100vw, 1000px\" \/><\/div><\/a><div class=\"w-iconbox-meta\"><h4 class=\"w-iconbox-title\"><a href=\"https:\/\/terhonpaja.fi\/korjaamopalvelut\/\" class=\"w-iconbox-link\" aria-label=\"Korjaamopalvelut\">Korjaamopalvelut<\/a><\/h4><div class=\"w-iconbox-text\"><p>Teemme pajalla autoihin peruskorjauksia ja huoltoja.<\/p>\n<\/div><\/div><\/div><\/div><\/div><\/div><div class=\"vc_col-sm-3 wpb_column vc_column_container\"><div class=\"vc_column-inner\"><div class=\"wpb_wrapper\"><div class=\"w-iconbox iconpos_top style_circle color_primary align_center icontype_img\"><a href=\"https:\/\/terhonpaja.fi\/mekaniikkasuunnittelu\/\" class=\"w-iconbox-link\" aria-label=\"Mekaniikkasuunnittelu\"><div class=\"w-iconbox-icon\" style=\"font-size:;\"><img loading=\"lazy\" decoding=\"async\" width=\"1000\" height=\"1000\" src=\"https:\/\/terhonpaja.fi\/wp-content\/uploads\/2020\/10\/Copy-of-Untitled-4.png\" class=\"attachment-full size-full\" alt=\"\" srcset=\"https:\/\/terhonpaja.fi\/wp-content\/uploads\/2020\/10\/Copy-of-Untitled-4.png 1000w, https:\/\/terhonpaja.fi\/wp-content\/uploads\/2020\/10\/Copy-of-Untitled-4-150x150.png 150w, https:\/\/terhonpaja.fi\/wp-content\/uploads\/2020\/10\/Copy-of-Untitled-4-600x600.png 600w, https:\/\/terhonpaja.fi\/wp-content\/uploads\/2020\/10\/Copy-of-Untitled-4-300x300.png 300w\" sizes=\"auto, (max-width: 1000px) 100vw, 1000px\" \/><\/div><\/a><div class=\"w-iconbox-meta\"><h4 class=\"w-iconbox-title\"><a href=\"https:\/\/terhonpaja.fi\/mekaniikkasuunnittelu\/\" class=\"w-iconbox-link\" aria-label=\"Mekaniikkasuunnittelu\">Mekaniikkasuunnittelu<\/a><\/h4><div class=\"w-iconbox-text\"><p>Konsultointi, 3d-mallinnus, ty\u00f6kuvat ym. dokumentointi ja tuotteen tai prototyypin valmistus.<\/p>\n<\/div><\/div><\/div><\/div><\/div><\/div><div class=\"vc_col-sm-3 wpb_column vc_column_container\"><div class=\"vc_column-inner\"><div class=\"wpb_wrapper\"><div class=\"w-iconbox iconpos_top style_circle color_primary align_center icontype_img\"><a href=\"https:\/\/terhonpaja.fi\/verkkokauppa\/\" class=\"w-iconbox-link\" aria-label=\"Verkkokauppa\"><div class=\"w-iconbox-icon\" style=\"font-size:;\"><img loading=\"lazy\" decoding=\"async\" width=\"1000\" height=\"1000\" src=\"https:\/\/terhonpaja.fi\/wp-content\/uploads\/2020\/10\/Copy-of-Untitled-5.png\" class=\"attachment-full size-full\" alt=\"\" srcset=\"https:\/\/terhonpaja.fi\/wp-content\/uploads\/2020\/10\/Copy-of-Untitled-5.png 1000w, https:\/\/terhonpaja.fi\/wp-content\/uploads\/2020\/10\/Copy-of-Untitled-5-150x150.png 150w, https:\/\/terhonpaja.fi\/wp-content\/uploads\/2020\/10\/Copy-of-Untitled-5-600x600.png 600w, https:\/\/terhonpaja.fi\/wp-content\/uploads\/2020\/10\/Copy-of-Untitled-5-300x300.png 300w\" sizes=\"auto, (max-width: 1000px) 100vw, 1000px\" \/><\/div><\/a><div class=\"w-iconbox-meta\"><h4 class=\"w-iconbox-title\"><a href=\"https:\/\/terhonpaja.fi\/verkkokauppa\/\" class=\"w-iconbox-link\" aria-label=\"Verkkokauppa\">Verkkokauppa<\/a><\/h4><div class=\"w-iconbox-text\"><p>Viritystarvikkeiden verkkokauppa.<\/p>\n<\/div><\/div><\/div><\/div><\/div><\/div><\/div><\/div><\/div><\/div><\/div><\/div><\/section><section class=\"l-section wpb_row height_medium color_primary\" id=\"fifth\"><div class=\"l-section-h i-cf\"><div class=\"g-cols vc_row via_flex valign_top type_default stacking_default\"><div class=\"vc_col-sm-12 wpb_column vc_column_container align_center\"><div class=\"vc_column-inner\"><div class=\"wpb_wrapper\"><div class=\"wpb_text_column\"><div class=\"wpb_wrapper\"><h2 style=\"text-align: center;\">Viritys tuo ajomukavuutta<\/h2>\n<\/div><\/div><\/div><\/div><\/div><\/div><\/div><\/section><section class=\"l-section wpb_row us_custom_b7a68ffe height_medium full_height valign_center color_primary parallax_ver parallaxdir_reversed\"><div class=\"l-section-overlay\" style=\"background:rgba(30,30,30,0.75)\"><\/div><div class=\"l-section-h i-cf\"><div class=\"g-cols vc_row via_flex valign_top type_default stacking_default\"><div class=\"vc_col-sm-12 wpb_column vc_column_container align_center\"><div class=\"vc_column-inner\"><div class=\"wpb_wrapper\"><div class=\"wpb_text_column\"><div class=\"wpb_wrapper\"><h2 style=\"text-align: center;\">Merkit ja kumppanit<\/h2>\n<\/div><\/div><div class=\"w-separator size_large\"><\/div><div class=\"wpb_text_column\"><div class=\"wpb_wrapper\"><p style=\"text-align: center;\">Terhon Paja k\u00e4ytt\u00e4\u00e4 viritysty\u00f6ss\u00e4 alan parhaimpia osia ja ohjelmia.\u00a0APR, Erikoismoottori ja Verkline ovat alalla laadustaan tunnettuja merkkej\u00e4. Toimimme Verkline-tuotteiden virallisena j\u00e4lleenmyyj\u00e4n\u00e4 Suomessa.<\/p>\n<p style=\"text-align: center;\">Viritysosia saatavilla verkkokaupasta!<\/p>\n<\/div><\/div><div class=\"w-separator size_large\"><\/div><div class=\"g-cols wpb_row via_flex valign_top type_default stacking_default\"><div class=\"vc_col-sm-4 wpb_column vc_column_container\"><div class=\"vc_column-inner\"><div class=\"wpb_wrapper\"><div class=\"w-image align_center\"><div class=\"w-image-h\"><img decoding=\"async\" width=\"1024\" height=\"1024\" src=\"https:\/\/terhonpaja.fi\/wp-content\/uploads\/2020\/10\/APR-1024x1024.png\" class=\"attachment-large size-large\" alt=\"\" loading=\"lazy\" srcset=\"https:\/\/terhonpaja.fi\/wp-content\/uploads\/2020\/10\/APR.png 1024w, https:\/\/terhonpaja.fi\/wp-content\/uploads\/2020\/10\/APR-150x150.png 150w, https:\/\/terhonpaja.fi\/wp-content\/uploads\/2020\/10\/APR-600x600.png 600w, https:\/\/terhonpaja.fi\/wp-content\/uploads\/2020\/10\/APR-300x300.png 300w\" sizes=\"auto, (max-width: 1024px) 100vw, 1024px\" \/><\/div><\/div><\/div><\/div><\/div><div class=\"vc_col-sm-4 wpb_column vc_column_container\"><div class=\"vc_column-inner\"><div class=\"wpb_wrapper\"><div class=\"w-image align_center\"><div class=\"w-image-h\"><img decoding=\"async\" width=\"1000\" height=\"1000\" src=\"https:\/\/terhonpaja.fi\/wp-content\/uploads\/2020\/10\/Copy-of-Untitled-10.png\" class=\"attachment-large size-large\" alt=\"\" loading=\"lazy\" srcset=\"https:\/\/terhonpaja.fi\/wp-content\/uploads\/2020\/10\/Copy-of-Untitled-10.png 1000w, https:\/\/terhonpaja.fi\/wp-content\/uploads\/2020\/10\/Copy-of-Untitled-10-150x150.png 150w, https:\/\/terhonpaja.fi\/wp-content\/uploads\/2020\/10\/Copy-of-Untitled-10-600x600.png 600w, https:\/\/terhonpaja.fi\/wp-content\/uploads\/2020\/10\/Copy-of-Untitled-10-300x300.png 300w\" sizes=\"auto, (max-width: 1000px) 100vw, 1000px\" \/><\/div><\/div><\/div><\/div><\/div><div class=\"vc_col-sm-4 wpb_column vc_column_container\"><div class=\"vc_column-inner\"><div class=\"wpb_wrapper\"><div class=\"w-image align_center\"><div class=\"w-image-h\"><img decoding=\"async\" width=\"1000\" height=\"1000\" src=\"https:\/\/terhonpaja.fi\/wp-content\/uploads\/2020\/10\/Copy-of-Untitled-7.png\" class=\"attachment-large size-large\" alt=\"\" loading=\"lazy\" srcset=\"https:\/\/terhonpaja.fi\/wp-content\/uploads\/2020\/10\/Copy-of-Untitled-7.png 1000w, https:\/\/terhonpaja.fi\/wp-content\/uploads\/2020\/10\/Copy-of-Untitled-7-150x150.png 150w, https:\/\/terhonpaja.fi\/wp-content\/uploads\/2020\/10\/Copy-of-Untitled-7-600x600.png 600w, https:\/\/terhonpaja.fi\/wp-content\/uploads\/2020\/10\/Copy-of-Untitled-7-300x300.png 300w\" sizes=\"auto, (max-width: 1000px) 100vw, 1000px\" \/><\/div><\/div><\/div><\/div><\/div><\/div><\/div><\/div><\/div><\/div><\/div><\/section>\n","protected":false},"excerpt":{"rendered":"Viritykseen erikoistunut paja M\u00e4nts\u00e4l\u00e4ss\u00e4 Terhon Paja on auton suorituskyvyn parantamiseen erikoistunut paja. Pajaltamme l\u00f6ytyy monipuolista osaamista. Edustamme laadukkaita merkkej\u00e4 ja tarvittaessa voimme suunnitella ja valmistaa my\u00f6s mittatilausosia. Terho S\u00e4rkikoski on tehnyt pitk\u00e4n uran mekaniikkasuunnittelun parissa ja tekee edelleen alinhankintaty\u00f6n\u00e4 erilaisia projekteja alalle, mm. hitsausjigej\u00e4. Teemme my\u00f6s normaalit autohuollot ja korjaukset. Ota yhteytt\u00e4Terhon Paja tarjoaa Auton...","protected":false},"author":11,"featured_media":8436,"parent":0,"menu_order":0,"comment_status":"closed","ping_status":"closed","template":"","meta":{"_acf_changed":false,"footnotes":""},"class_list":["post-7613","page","type-page","status-publish","has-post-thumbnail","hentry"],"acf":[],"yoast_head":"<!-- This site is optimized with the Yoast SEO plugin v27.5 - https:\/\/yoast.com\/product\/yoast-seo-wordpress\/ -->\n<title>Etusivu - Terhon Paja<\/title>\n<meta name=\"robots\" content=\"index, follow, max-snippet:-1, max-image-preview:large, max-video-preview:-1\" \/>\n<link rel=\"canonical\" href=\"https:\/\/terhonpaja.fi\/\" \/>\n<meta property=\"og:locale\" content=\"fi_FI\" \/>\n<meta property=\"og:type\" content=\"article\" \/>\n<meta property=\"og:title\" content=\"Etusivu - Terhon Paja\" \/>\n<meta property=\"og:url\" content=\"https:\/\/terhonpaja.fi\/\" \/>\n<meta property=\"og:site_name\" content=\"Terhon Paja\" \/>\n<meta property=\"article:modified_time\" content=\"2025-09-19T13:33:01+00:00\" \/>\n<meta property=\"og:image\" content=\"https:\/\/terhonpaja.fi\/wp-content\/uploads\/2020\/10\/Screenshot-2020-10-16-at-9.46.40.png\" \/>\n\t<meta property=\"og:image:width\" content=\"788\" \/>\n\t<meta property=\"og:image:height\" content=\"581\" \/>\n\t<meta property=\"og:image:type\" content=\"image\/png\" \/>\n<meta name=\"twitter:card\" content=\"summary_large_image\" \/>\n<meta name=\"twitter:label1\" content=\"Arvioitu lukuaika\" \/>\n\t<meta name=\"twitter:data1\" content=\"2 minuuttia\" \/>\n<script type=\"application\/ld+json\" class=\"yoast-schema-graph\">{\"@context\":\"https:\\\/\\\/schema.org\",\"@graph\":[{\"@type\":\"WebPage\",\"@id\":\"https:\\\/\\\/terhonpaja.fi\\\/\",\"url\":\"https:\\\/\\\/terhonpaja.fi\\\/\",\"name\":\"Etusivu - Terhon Paja\",\"isPartOf\":{\"@id\":\"https:\\\/\\\/terhonpaja.fi\\\/#website\"},\"primaryImageOfPage\":{\"@id\":\"https:\\\/\\\/terhonpaja.fi\\\/#primaryimage\"},\"image\":{\"@id\":\"https:\\\/\\\/terhonpaja.fi\\\/#primaryimage\"},\"thumbnailUrl\":\"https:\\\/\\\/terhonpaja.fi\\\/wp-content\\\/uploads\\\/2020\\\/10\\\/Screenshot-2020-10-16-at-9.46.40.png\",\"datePublished\":\"2020-10-01T08:31:50+00:00\",\"dateModified\":\"2025-09-19T13:33:01+00:00\",\"breadcrumb\":{\"@id\":\"https:\\\/\\\/terhonpaja.fi\\\/#breadcrumb\"},\"inLanguage\":\"fi\",\"potentialAction\":[{\"@type\":\"ReadAction\",\"target\":[\"https:\\\/\\\/terhonpaja.fi\\\/\"]}]},{\"@type\":\"ImageObject\",\"inLanguage\":\"fi\",\"@id\":\"https:\\\/\\\/terhonpaja.fi\\\/#primaryimage\",\"url\":\"https:\\\/\\\/terhonpaja.fi\\\/wp-content\\\/uploads\\\/2020\\\/10\\\/Screenshot-2020-10-16-at-9.46.40.png\",\"contentUrl\":\"https:\\\/\\\/terhonpaja.fi\\\/wp-content\\\/uploads\\\/2020\\\/10\\\/Screenshot-2020-10-16-at-9.46.40.png\",\"width\":788,\"height\":581},{\"@type\":\"BreadcrumbList\",\"@id\":\"https:\\\/\\\/terhonpaja.fi\\\/#breadcrumb\",\"itemListElement\":[{\"@type\":\"ListItem\",\"position\":1,\"name\":\"Etusivu\",\"item\":\"https:\\\/\\\/terhonpaja.fi\\\/\"},{\"@type\":\"ListItem\",\"position\":2,\"name\":\"Etusivu\"}]},{\"@type\":\"WebSite\",\"@id\":\"https:\\\/\\\/terhonpaja.fi\\\/#website\",\"url\":\"https:\\\/\\\/terhonpaja.fi\\\/\",\"name\":\"Terhon Paja\",\"description\":\"Auton virityspaja M\u00e4nts\u00e4l\u00e4ss\u00e4\",\"potentialAction\":[{\"@type\":\"SearchAction\",\"target\":{\"@type\":\"EntryPoint\",\"urlTemplate\":\"https:\\\/\\\/terhonpaja.fi\\\/?s={search_term_string}\"},\"query-input\":{\"@type\":\"PropertyValueSpecification\",\"valueRequired\":true,\"valueName\":\"search_term_string\"}}],\"inLanguage\":\"fi\"}]}<\/script>\n<!-- \/ Yoast SEO plugin. -->","yoast_head_json":{"title":"Etusivu - Terhon Paja","robots":{"index":"index","follow":"follow","max-snippet":"max-snippet:-1","max-image-preview":"max-image-preview:large","max-video-preview":"max-video-preview:-1"},"canonical":"https:\/\/terhonpaja.fi\/","og_locale":"fi_FI","og_type":"article","og_title":"Etusivu - Terhon Paja","og_url":"https:\/\/terhonpaja.fi\/","og_site_name":"Terhon Paja","article_modified_time":"2025-09-19T13:33:01+00:00","og_image":[{"width":788,"height":581,"url":"https:\/\/terhonpaja.fi\/wp-content\/uploads\/2020\/10\/Screenshot-2020-10-16-at-9.46.40.png","type":"image\/png"}],"twitter_card":"summary_large_image","twitter_misc":{"Arvioitu lukuaika":"2 minuuttia"},"schema":{"@context":"https:\/\/schema.org","@graph":[{"@type":"WebPage","@id":"https:\/\/terhonpaja.fi\/","url":"https:\/\/terhonpaja.fi\/","name":"Etusivu - Terhon Paja","isPartOf":{"@id":"https:\/\/terhonpaja.fi\/#website"},"primaryImageOfPage":{"@id":"https:\/\/terhonpaja.fi\/#primaryimage"},"image":{"@id":"https:\/\/terhonpaja.fi\/#primaryimage"},"thumbnailUrl":"https:\/\/terhonpaja.fi\/wp-content\/uploads\/2020\/10\/Screenshot-2020-10-16-at-9.46.40.png","datePublished":"2020-10-01T08:31:50+00:00","dateModified":"2025-09-19T13:33:01+00:00","breadcrumb":{"@id":"https:\/\/terhonpaja.fi\/#breadcrumb"},"inLanguage":"fi","potentialAction":[{"@type":"ReadAction","target":["https:\/\/terhonpaja.fi\/"]}]},{"@type":"ImageObject","inLanguage":"fi","@id":"https:\/\/terhonpaja.fi\/#primaryimage","url":"https:\/\/terhonpaja.fi\/wp-content\/uploads\/2020\/10\/Screenshot-2020-10-16-at-9.46.40.png","contentUrl":"https:\/\/terhonpaja.fi\/wp-content\/uploads\/2020\/10\/Screenshot-2020-10-16-at-9.46.40.png","width":788,"height":581},{"@type":"BreadcrumbList","@id":"https:\/\/terhonpaja.fi\/#breadcrumb","itemListElement":[{"@type":"ListItem","position":1,"name":"Etusivu","item":"https:\/\/terhonpaja.fi\/"},{"@type":"ListItem","position":2,"name":"Etusivu"}]},{"@type":"WebSite","@id":"https:\/\/terhonpaja.fi\/#website","url":"https:\/\/terhonpaja.fi\/","name":"Terhon Paja","description":"Auton virityspaja M\u00e4nts\u00e4l\u00e4ss\u00e4","potentialAction":[{"@type":"SearchAction","target":{"@type":"EntryPoint","urlTemplate":"https:\/\/terhonpaja.fi\/?s={search_term_string}"},"query-input":{"@type":"PropertyValueSpecification","valueRequired":true,"valueName":"search_term_string"}}],"inLanguage":"fi"}]}},"_links":{"self":[{"href":"https:\/\/terhonpaja.fi\/index.php?rest_route=\/wp\/v2\/pages\/7613","targetHints":{"allow":["GET"]}}],"collection":[{"href":"https:\/\/terhonpaja.fi\/index.php?rest_route=\/wp\/v2\/pages"}],"about":[{"href":"https:\/\/terhonpaja.fi\/index.php?rest_route=\/wp\/v2\/types\/page"}],"author":[{"embeddable":true,"href":"https:\/\/terhonpaja.fi\/index.php?rest_route=\/wp\/v2\/users\/11"}],"replies":[{"embeddable":true,"href":"https:\/\/terhonpaja.fi\/index.php?rest_route=%2Fwp%2Fv2%2Fcomments&post=7613"}],"version-history":[{"count":0,"href":"https:\/\/terhonpaja.fi\/index.php?rest_route=\/wp\/v2\/pages\/7613\/revisions"}],"wp:featuredmedia":[{"embeddable":true,"href":"https:\/\/terhonpaja.fi\/index.php?rest_route=\/wp\/v2\/media\/8436"}],"wp:attachment":[{"href":"https:\/\/terhonpaja.fi\/index.php?rest_route=%2Fwp%2Fv2%2Fmedia&parent=7613"}],"curies":[{"name":"wp","href":"https:\/\/api.w.org\/{rel}","templated":true}]}}