{"id":7637,"date":"2020-10-01T11:36:20","date_gmt":"2020-10-01T11:36:20","guid":{"rendered":"https:\/\/terhonpaja.fi\/?page_id=7637"},"modified":"2020-10-05T08:29:46","modified_gmt":"2020-10-05T08:29:46","slug":"mekaniikkasuunnittelu","status":"publish","type":"page","link":"https:\/\/terhonpaja.fi\/?page_id=7637","title":{"rendered":"Mekaniikkasuunnittelu"},"content":{"rendered":"<section class=\"l-section wpb_row height_huge with_img parallax_fixed\"><div class=\"l-section-img\" role=\"img\" aria-label=\"Kuva\" data-img-width=\"1100\" data-img-height=\"500\" style=\"background-image: url(https:\/\/terhonpaja.fi\/wp-content\/uploads\/2020\/10\/Untitled-design-2020-10-01T143730.146.png);\"><\/div><div class=\"l-section-h i-cf\"><div class=\"g-cols vc_row via_flex valign_top type_default stacking_default\"><div class=\"vc_col-sm-12 wpb_column vc_column_container\"><div class=\"vc_column-inner\"><div class=\"wpb_wrapper\"><div class=\"wpb_text_column\"><div class=\"wpb_wrapper\"><h1 style=\"text-align: center;\"><span style=\"color: #ffffff;\">Mekaniikkasuunnittelu<\/span><\/h1>\n<\/div><\/div><div class=\"w-separator size_medium\"><\/div><\/div><\/div><\/div><\/div><\/div><\/section><section class=\"l-section wpb_row us_custom_8cd4af33 height_medium full_height valign_center color_alternate\"><div class=\"l-section-h i-cf\"><div class=\"g-cols vc_row via_flex valign_top type_default stacking_default\"><div class=\"vc_col-sm-6 wpb_column vc_column_container\"><div class=\"vc_column-inner\"><div class=\"wpb_wrapper\"><div class=\"wpb_text_column us_custom_6df4bc3a has_text_color\"><div class=\"wpb_wrapper\"><h2 style=\"text-align: left;\"><span style=\"color: #ffffff;\">Alihankintaa teollisuudelle<\/span><\/h2>\n<\/div><\/div><div class=\"w-separator size_large\"><\/div><div class=\"g-cols wpb_row us_custom_6df4bc3a has_text_color via_flex valign_top type_default stacking_default\"><div class=\"vc_col-sm-12 wpb_column vc_column_container\"><div class=\"vc_column-inner\"><div class=\"wpb_wrapper\"><div class=\"wpb_text_column\"><div class=\"wpb_wrapper\"><div class=\"wpb_text_column wpb_content_element \">\n<div class=\"wpb_wrapper\">\n<div class=\"wpb_text_column wpb_content_element \">\n<div class=\"wpb_wrapper\">\n<p>Auton virityksien ja korjausten lis\u00e4ksi pajalla on my\u00f6s piilev\u00e4 voima mekaniikkasuunnittelun vahvassa osaamisessa, joka juontaa juurensa Terho S\u00e4rkikosken kone- ja\u00a0tuotantotekniikan insin\u00f6\u00f6riopintoihin ja aikaisempaan vakuuttavaan uraan mekaniikkasuunnittelu- ja laadunhallintateht\u00e4viss\u00e4.<br \/>\nTarjoamme alihankintaty\u00f6n\u00e4 suunnittelupalvelua, johon tarvittaessa kuuluu my\u00f6s konsultointi, 3d-mallinnus, ty\u00f6kuvat ym. dokumentointi ja tuotteen tai prototyypin valmistus. K\u00e4yt\u00f6ss\u00e4mme on Solidworks-ohjelmisto, jonka k\u00e4yt\u00f6st\u00e4 Terholla on vuosien kokemus.<\/p>\n<div class=\"wpb_text_column wpb_content_element \">\n<div class=\"wpb_wrapper\">\n<p>Erityisosaamista hitsausjigien suunnittelussa ja yleisesti ottaen k\u00e4yt\u00e4nn\u00f6nl\u00e4heisess\u00e4 ja tuotantol\u00e4ht\u00f6isess\u00e4 suunnittelussa.<\/p>\n<p>Sanotaan, ett\u00e4 80% tuotteen kustannuksista synnytet\u00e4\u00e4n suunnittelup\u00f6yd\u00e4ll\u00e4. Eri valmistustekniikoiden mahdollisuuksien, rajoitteiden ja tyypillisen laaduntuottokyvyn hyv\u00e4ll\u00e4 tuntemuksella voidaan hillit\u00e4 paljonkin kustannuksia.<\/p>\n<\/div>\n<\/div>\n<\/div>\n<\/div>\n<\/div>\n<\/div>\n<\/div><\/div><\/div><\/div><\/div><\/div><div class=\"w-separator size_large\"><\/div><\/div><\/div><\/div><div class=\"vc_col-sm-6 wpb_column vc_column_container\"><div class=\"vc_column-inner\"><div class=\"wpb_wrapper\"><div class=\"w-separator size_large\"><\/div><div class=\"w-image align_center\"><div class=\"w-image-h\"><img decoding=\"async\" width=\"1024\" height=\"646\" src=\"https:\/\/terhonpaja.fi\/wp-content\/uploads\/2020\/10\/mekaniikka-1-1024x646.png\" class=\"attachment-large size-large\" alt=\"\" loading=\"lazy\" srcset=\"https:\/\/terhonpaja.fi\/wp-content\/uploads\/2020\/10\/mekaniikka-1-1024x646.png 1024w, https:\/\/terhonpaja.fi\/wp-content\/uploads\/2020\/10\/mekaniikka-1-600x378.png 600w, https:\/\/terhonpaja.fi\/wp-content\/uploads\/2020\/10\/mekaniikka-1-300x189.png 300w, https:\/\/terhonpaja.fi\/wp-content\/uploads\/2020\/10\/mekaniikka-1.png 1321w\" sizes=\"auto, (max-width: 1024px) 100vw, 1024px\" \/><\/div><\/div><\/div><\/div><\/div><\/div><\/div><\/section><section class=\"l-section wpb_row us_custom_e1cc0a65 height_medium full_height valign_center color_alternate\"><div class=\"l-section-h i-cf\"><div class=\"g-cols vc_row via_flex valign_top type_default stacking_default\"><div class=\"vc_col-sm-12 wpb_column vc_column_container\"><div class=\"vc_column-inner\"><div class=\"wpb_wrapper\"><div class=\"w-separator size_large\"><\/div><div class=\"w-image align_center\"><div class=\"w-image-h\"><img decoding=\"async\" width=\"1024\" height=\"576\" src=\"https:\/\/terhonpaja.fi\/wp-content\/uploads\/2020\/10\/xkuljetus-1024x576.jpg.pagespeed.ic_.335uejjIVl.jpeg\" class=\"attachment-large size-large\" alt=\"\" loading=\"lazy\" srcset=\"https:\/\/terhonpaja.fi\/wp-content\/uploads\/2020\/10\/xkuljetus-1024x576.jpg.pagespeed.ic_.335uejjIVl.jpeg 1024w, https:\/\/terhonpaja.fi\/wp-content\/uploads\/2020\/10\/xkuljetus-1024x576.jpg.pagespeed.ic_.335uejjIVl-600x338.jpeg 600w, https:\/\/terhonpaja.fi\/wp-content\/uploads\/2020\/10\/xkuljetus-1024x576.jpg.pagespeed.ic_.335uejjIVl-300x169.jpeg 300w\" sizes=\"auto, (max-width: 1024px) 100vw, 1024px\" \/><\/div><\/div><div class=\"w-separator size_large\"><\/div><\/div><\/div><\/div><\/div><\/div><\/section>\n","protected":false},"excerpt":{"rendered":"Mekaniikkasuunnittelu Alihankintaa teollisuudelle Auton virityksien ja korjausten lis\u00e4ksi pajalla on my\u00f6s piilev\u00e4 voima mekaniikkasuunnittelun vahvassa osaamisessa, joka juontaa juurensa Terho S\u00e4rkikosken kone- ja\u00a0tuotantotekniikan insin\u00f6\u00f6riopintoihin ja aikaisempaan vakuuttavaan uraan mekaniikkasuunnittelu- ja laadunhallintateht\u00e4viss\u00e4. Tarjoamme alihankintaty\u00f6n\u00e4 suunnittelupalvelua, johon tarvittaessa kuuluu my\u00f6s konsultointi, 3d-mallinnus, ty\u00f6kuvat ym. dokumentointi ja tuotteen tai prototyypin valmistus. K\u00e4yt\u00f6ss\u00e4mme on Solidworks-ohjelmisto, jonka k\u00e4yt\u00f6st\u00e4 Terholla on...","protected":false},"author":11,"featured_media":0,"parent":0,"menu_order":0,"comment_status":"closed","ping_status":"closed","template":"","meta":{"_acf_changed":false,"footnotes":""},"class_list":["post-7637","page","type-page","status-publish","hentry"],"acf":[],"yoast_head":"<!-- This site is optimized with the Yoast SEO plugin v27.5 - https:\/\/yoast.com\/product\/yoast-seo-wordpress\/ -->\n<title>Mekaniikkasuunnittelu - Terhon Paja<\/title>\n<meta name=\"robots\" content=\"index, follow, max-snippet:-1, max-image-preview:large, max-video-preview:-1\" \/>\n<link rel=\"canonical\" href=\"https:\/\/terhonpaja.fi\/?page_id=7637\" \/>\n<meta property=\"og:locale\" content=\"fi_FI\" \/>\n<meta property=\"og:type\" content=\"article\" \/>\n<meta property=\"og:title\" content=\"Mekaniikkasuunnittelu - Terhon Paja\" \/>\n<meta property=\"og:url\" content=\"https:\/\/terhonpaja.fi\/?page_id=7637\" \/>\n<meta property=\"og:site_name\" content=\"Terhon Paja\" \/>\n<meta property=\"article:modified_time\" content=\"2020-10-05T08:29:46+00:00\" \/>\n<meta name=\"twitter:card\" content=\"summary_large_image\" \/>\n<meta name=\"twitter:label1\" content=\"Arvioitu lukuaika\" \/>\n\t<meta name=\"twitter:data1\" content=\"1 minuutti\" \/>\n<script type=\"application\/ld+json\" class=\"yoast-schema-graph\">{\"@context\":\"https:\\\/\\\/schema.org\",\"@graph\":[{\"@type\":\"WebPage\",\"@id\":\"https:\\\/\\\/terhonpaja.fi\\\/?page_id=7637\",\"url\":\"https:\\\/\\\/terhonpaja.fi\\\/?page_id=7637\",\"name\":\"Mekaniikkasuunnittelu - Terhon Paja\",\"isPartOf\":{\"@id\":\"https:\\\/\\\/terhonpaja.fi\\\/#website\"},\"datePublished\":\"2020-10-01T11:36:20+00:00\",\"dateModified\":\"2020-10-05T08:29:46+00:00\",\"breadcrumb\":{\"@id\":\"https:\\\/\\\/terhonpaja.fi\\\/?page_id=7637#breadcrumb\"},\"inLanguage\":\"fi\",\"potentialAction\":[{\"@type\":\"ReadAction\",\"target\":[\"https:\\\/\\\/terhonpaja.fi\\\/?page_id=7637\"]}]},{\"@type\":\"BreadcrumbList\",\"@id\":\"https:\\\/\\\/terhonpaja.fi\\\/?page_id=7637#breadcrumb\",\"itemListElement\":[{\"@type\":\"ListItem\",\"position\":1,\"name\":\"Etusivu\",\"item\":\"https:\\\/\\\/terhonpaja.fi\\\/\"},{\"@type\":\"ListItem\",\"position\":2,\"name\":\"Mekaniikkasuunnittelu\"}]},{\"@type\":\"WebSite\",\"@id\":\"https:\\\/\\\/terhonpaja.fi\\\/#website\",\"url\":\"https:\\\/\\\/terhonpaja.fi\\\/\",\"name\":\"Terhon Paja\",\"description\":\"Auton virityspaja M\u00e4nts\u00e4l\u00e4ss\u00e4\",\"potentialAction\":[{\"@type\":\"SearchAction\",\"target\":{\"@type\":\"EntryPoint\",\"urlTemplate\":\"https:\\\/\\\/terhonpaja.fi\\\/?s={search_term_string}\"},\"query-input\":{\"@type\":\"PropertyValueSpecification\",\"valueRequired\":true,\"valueName\":\"search_term_string\"}}],\"inLanguage\":\"fi\"}]}<\/script>\n<!-- \/ Yoast SEO plugin. -->","yoast_head_json":{"title":"Mekaniikkasuunnittelu - Terhon Paja","robots":{"index":"index","follow":"follow","max-snippet":"max-snippet:-1","max-image-preview":"max-image-preview:large","max-video-preview":"max-video-preview:-1"},"canonical":"https:\/\/terhonpaja.fi\/?page_id=7637","og_locale":"fi_FI","og_type":"article","og_title":"Mekaniikkasuunnittelu - Terhon Paja","og_url":"https:\/\/terhonpaja.fi\/?page_id=7637","og_site_name":"Terhon Paja","article_modified_time":"2020-10-05T08:29:46+00:00","twitter_card":"summary_large_image","twitter_misc":{"Arvioitu lukuaika":"1 minuutti"},"schema":{"@context":"https:\/\/schema.org","@graph":[{"@type":"WebPage","@id":"https:\/\/terhonpaja.fi\/?page_id=7637","url":"https:\/\/terhonpaja.fi\/?page_id=7637","name":"Mekaniikkasuunnittelu - Terhon Paja","isPartOf":{"@id":"https:\/\/terhonpaja.fi\/#website"},"datePublished":"2020-10-01T11:36:20+00:00","dateModified":"2020-10-05T08:29:46+00:00","breadcrumb":{"@id":"https:\/\/terhonpaja.fi\/?page_id=7637#breadcrumb"},"inLanguage":"fi","potentialAction":[{"@type":"ReadAction","target":["https:\/\/terhonpaja.fi\/?page_id=7637"]}]},{"@type":"BreadcrumbList","@id":"https:\/\/terhonpaja.fi\/?page_id=7637#breadcrumb","itemListElement":[{"@type":"ListItem","position":1,"name":"Etusivu","item":"https:\/\/terhonpaja.fi\/"},{"@type":"ListItem","position":2,"name":"Mekaniikkasuunnittelu"}]},{"@type":"WebSite","@id":"https:\/\/terhonpaja.fi\/#website","url":"https:\/\/terhonpaja.fi\/","name":"Terhon Paja","description":"Auton virityspaja M\u00e4nts\u00e4l\u00e4ss\u00e4","potentialAction":[{"@type":"SearchAction","target":{"@type":"EntryPoint","urlTemplate":"https:\/\/terhonpaja.fi\/?s={search_term_string}"},"query-input":{"@type":"PropertyValueSpecification","valueRequired":true,"valueName":"search_term_string"}}],"inLanguage":"fi"}]}},"_links":{"self":[{"href":"https:\/\/terhonpaja.fi\/index.php?rest_route=\/wp\/v2\/pages\/7637","targetHints":{"allow":["GET"]}}],"collection":[{"href":"https:\/\/terhonpaja.fi\/index.php?rest_route=\/wp\/v2\/pages"}],"about":[{"href":"https:\/\/terhonpaja.fi\/index.php?rest_route=\/wp\/v2\/types\/page"}],"author":[{"embeddable":true,"href":"https:\/\/terhonpaja.fi\/index.php?rest_route=\/wp\/v2\/users\/11"}],"replies":[{"embeddable":true,"href":"https:\/\/terhonpaja.fi\/index.php?rest_route=%2Fwp%2Fv2%2Fcomments&post=7637"}],"version-history":[{"count":0,"href":"https:\/\/terhonpaja.fi\/index.php?rest_route=\/wp\/v2\/pages\/7637\/revisions"}],"wp:attachment":[{"href":"https:\/\/terhonpaja.fi\/index.php?rest_route=%2Fwp%2Fv2%2Fmedia&parent=7637"}],"curies":[{"name":"wp","href":"https:\/\/api.w.org\/{rel}","templated":true}]}}